{"id":234,"date":"2017-04-24T19:58:48","date_gmt":"2017-04-24T19:58:48","guid":{"rendered":"http:\/\/lobminger-musi.at\/?page_id=234"},"modified":"2017-04-24T20:02:03","modified_gmt":"2017-04-24T20:02:03","slug":"a-bloskapoelln","status":"publish","type":"page","link":"https:\/\/lobminger-musi.at\/index.php\/verein\/a-bloskapoelln\/","title":{"rendered":"A Bloskap\u00f6lln"},"content":{"rendered":"<p><img loading=\"lazy\" class=\"\" src=\"http:\/\/alt.lobminger-musi.at\/images\/hans_e.jpg\" alt=\"Hans Eisen\" width=\"130\" height=\"163\" border=\"0\" \/> <small>Gedanken von Hans Eisen<\/small><\/p>\n<div>\n<div class=\"half\">A Bloskap\u00f6lln d\u00f6 ankemm w\u00fcll<br \/>\nund Anklang find za jeda Zeit<br \/>\nd\u00f6 braucht, woann&#8217;s Beifoll erntn w\u00fcll<br \/>\nvorolln amol an Sch\u00fcppl Leit,<br \/>\nso guat drei\u00df&#8217;g Mander gehngan schoa,<br \/>\nsan mehr dann is nur recht<br \/>\nund is&#8217;d Besetzung guat vateilt, wia&#8217;s g&#8217;h\u00f6rt,<br \/>\ndann klingts net schlecht.<\/div>\n<div class=\"half\"><\/div>\n<div class=\"half\"><\/div>\n<div class=\"half\">Es h\u00f6lfn a net zwoanz&#8217;g Trompetn,<br \/>\nna Bua, d\u00f6s war ganz g&#8217;fahlt,<br \/>\nva jeda Sortn mua\u00df wos sei,<br \/>\nund d\u00f6 genau noch Mo\u00df vatalt.<br \/>\nFl\u00fcglh\u00f6rna erscht&#8217;s und zweit&#8217;s,<br \/>\nas gleichi g\u00fclt f\u00fca&#8217;d B-Trompetn,<br \/>\npoar H\u00f6rna dann f\u00fca den Tenor,<br \/>\nund Bariton, zan einisp\u00f6ttn.<\/div>\n<div class=\"half\"><\/div>\n<div class=\"half\"><\/div>\n<div class=\"half\">Klarinettn san nia g&#8217;nua,<br \/>\na ganzi Schnoasn kann do sei<br \/>\nin B und Es, erscht&#8217;s, zweit&#8217;s und dritt&#8217;s<br \/>\nund au\u00dfa d\u00f6 do zwischn drei<br \/>\nis Plotz nou g&#8217;nua f\u00fca Seitnfl\u00f6tn,<br \/>\nPikkolo und Saxophon<br \/>\nFagott, Oboe, woann ma&#8217;s hot,<br \/>\nd\u00f6s mochat richti vull den Ton,<\/div>\n<div class=\"half\"><\/div>\n<div class=\"half\"><\/div>\n<div class=\"half\">poar B\u00e4sse nou in F und B,<br \/>\nPosaunan, H\u00f6rna, oans zwoa drei,<br \/>\na etla Es-Trompetnan nou,<br \/>\nd\u00f6 zan Begleitn m\u00fca\u00dfn sei.<br \/>\nNoch f\u00f6hln die Trommeln, kloa und gro\u00df,<br \/>\nund als Obschlu\u00df die Tschin\u00f6lln,<br \/>\nhost d\u00f6s beinond, dann is komplett<br \/>\nund sp\u00fclbereit die Bloskap\u00f6lln.<\/div>\n<\/div>\n","protected":false},"excerpt":{"rendered":"<p>Gedanken von Hans Eisen A Bloskap\u00f6lln d\u00f6 ankemm w\u00fcll und Anklang find za jeda Zeit d\u00f6 braucht, woann&#8217;s Beifoll erntn w\u00fcll vorolln amol an Sch\u00fcppl Leit, so guat drei\u00df&#8217;g Mander gehngan schoa, san mehr dann is nur recht und is&#8217;d Besetzung guat vateilt, wia&#8217;s g&#8217;h\u00f6rt, dann klingts net schlecht. Es h\u00f6lfn a net zwoanz&#8217;g Trompetn, &hellip; <\/p>\n<p class=\"link-more\"><a href=\"https:\/\/lobminger-musi.at\/index.php\/verein\/a-bloskapoelln\/\" class=\"more-link\"><span class=\"screen-reader-text\">\u201eA Bloskap\u00f6lln\u201c <\/span>weiterlesen<\/a><\/p>\n","protected":false},"author":1,"featured_media":0,"parent":47,"menu_order":0,"comment_status":"closed","ping_status":"closed","template":"","meta":{"ngg_post_thumbnail":0},"_links":{"self":[{"href":"https:\/\/lobminger-musi.at\/index.php\/wp-json\/wp\/v2\/pages\/234"}],"collection":[{"href":"https:\/\/lobminger-musi.at\/index.php\/wp-json\/wp\/v2\/pages"}],"about":[{"href":"https:\/\/lobminger-musi.at\/index.php\/wp-json\/wp\/v2\/types\/page"}],"author":[{"embeddable":true,"href":"https:\/\/lobminger-musi.at\/index.php\/wp-json\/wp\/v2\/users\/1"}],"replies":[{"embeddable":true,"href":"https:\/\/lobminger-musi.at\/index.php\/wp-json\/wp\/v2\/comments?post=234"}],"version-history":[{"count":4,"href":"https:\/\/lobminger-musi.at\/index.php\/wp-json\/wp\/v2\/pages\/234\/revisions"}],"predecessor-version":[{"id":239,"href":"https:\/\/lobminger-musi.at\/index.php\/wp-json\/wp\/v2\/pages\/234\/revisions\/239"}],"up":[{"embeddable":true,"href":"https:\/\/lobminger-musi.at\/index.php\/wp-json\/wp\/v2\/pages\/47"}],"wp:attachment":[{"href":"https:\/\/lobminger-musi.at\/index.php\/wp-json\/wp\/v2\/media?parent=234"}],"curies":[{"name":"wp","href":"https:\/\/api.w.org\/{rel}","templated":true}]}}