{"id":243,"date":"2017-04-24T20:07:14","date_gmt":"2017-04-24T20:07:14","guid":{"rendered":"http:\/\/lobminger-musi.at\/?page_id=243"},"modified":"2017-10-04T20:24:38","modified_gmt":"2017-10-04T20:24:38","slug":"angebot","status":"publish","type":"page","link":"https:\/\/lobminger-musi.at\/index.php\/musikschule\/angebot\/","title":{"rendered":"Angebot"},"content":{"rendered":"<h2 style=\"text-align: center;\">Unser Angebot<\/h2>\n<p align=\"center\">Unterricht f\u00fcr alle St. StefanerInnen<br \/>\nalle g\u00e4ngigen Blas- und Schlaginstrumente<br \/>\nprofessionelle MusiklehrerInnen<br \/>\nUnterricht in der VS St. Stefan<br \/>\norganisatorische Unterst\u00fctzung<br \/>\nVerleih von Musikinstrumenten<br \/>\nfinanzielle Unterst\u00fctzung des Unterrichts<br \/>\n<a href=\"http:\/\/lobminger-musi.at\/index.php\/musikschule\/angebot\/kinder-musizieren\/\">Aktivit\u00e4ten im Verein<\/a><\/p>\n","protected":false},"excerpt":{"rendered":"<p>Unser Angebot Unterricht f\u00fcr alle St. StefanerInnen alle g\u00e4ngigen Blas- und Schlaginstrumente professionelle MusiklehrerInnen Unterricht in der VS St. Stefan organisatorische Unterst\u00fctzung Verleih von Musikinstrumenten finanzielle Unterst\u00fctzung des Unterrichts Aktivit\u00e4ten im Verein<\/p>\n","protected":false},"author":1,"featured_media":0,"parent":49,"menu_order":0,"comment_status":"closed","ping_status":"closed","template":"","meta":{"ngg_post_thumbnail":0},"_links":{"self":[{"href":"https:\/\/lobminger-musi.at\/index.php\/wp-json\/wp\/v2\/pages\/243"}],"collection":[{"href":"https:\/\/lobminger-musi.at\/index.php\/wp-json\/wp\/v2\/pages"}],"about":[{"href":"https:\/\/lobminger-musi.at\/index.php\/wp-json\/wp\/v2\/types\/page"}],"author":[{"embeddable":true,"href":"https:\/\/lobminger-musi.at\/index.php\/wp-json\/wp\/v2\/users\/1"}],"replies":[{"embeddable":true,"href":"https:\/\/lobminger-musi.at\/index.php\/wp-json\/wp\/v2\/comments?post=243"}],"version-history":[{"count":3,"href":"https:\/\/lobminger-musi.at\/index.php\/wp-json\/wp\/v2\/pages\/243\/revisions"}],"predecessor-version":[{"id":565,"href":"https:\/\/lobminger-musi.at\/index.php\/wp-json\/wp\/v2\/pages\/243\/revisions\/565"}],"up":[{"embeddable":true,"href":"https:\/\/lobminger-musi.at\/index.php\/wp-json\/wp\/v2\/pages\/49"}],"wp:attachment":[{"href":"https:\/\/lobminger-musi.at\/index.php\/wp-json\/wp\/v2\/media?parent=243"}],"curies":[{"name":"wp","href":"https:\/\/api.w.org\/{rel}","templated":true}]}}