{"id":248,"date":"2017-04-24T20:14:58","date_gmt":"2017-04-24T20:14:58","guid":{"rendered":"http:\/\/lobminger-musi.at\/?page_id=248"},"modified":"2017-04-24T20:14:58","modified_gmt":"2017-04-24T20:14:58","slug":"ablauf","status":"publish","type":"page","link":"https:\/\/lobminger-musi.at\/index.php\/musikschule\/ablauf\/","title":{"rendered":"Ablauf"},"content":{"rendered":"<p align=\"justify\">Wenn Sie Interesse an unserem Angebot haben, bitten wir Sie um eine Nachricht per E-Mail oder einen Anruf. Ihre Anmeldung bleibt f\u00fcr Sie nat\u00fcrlich unverbindlich. In einem Beratungsgespr\u00e4ch mit uns und den zust\u00e4ndigen MusiklehrerInnen k\u00f6nne alle Fragen zum richtigen Instrument, den Unterrichtsterminen und den Kosten gekl\u00e4rt werden.\n<\/p>\n<p align=\"justify\">In einem n\u00e4chsten Schritt k\u00fcmmern wir uns um die Unterrichtstermine, die F\u00f6rderabwicklung mit der Gemeinde und bei Bedarf um ein Instrument. Die Kosten f\u00fcr den Unterricht h\u00e4ngen vom jeweiligen Instrument ab und betragen maximal 15 \u20ac je 30 Minuten. Davon \u00fcbernehmen die Lobminger Musi Schule sowie die Gemeinde (bei Kindern und Jugendlichen) jeweils 25%. Wir wollen damit erreichen, dass nicht das verf\u00fcgbare Einkommen sondern die Freude zur Musik dar\u00fcber entscheidet, ob ein Kind ein Instrument erlernen darf.\n<\/p>\n<p align=\"justify\">Der Musikunterricht wird auf individuelle Bed\u00fcrfnisse abgestimmt. Sollten die Wahl des Instrumentes oder die Entscheidung zum Musikunterricht nicht Ihren Erwartungen entsprechen, kann der Unterricht nach Absprache auch w\u00e4hrend des Semesters beendet werden.<\/p>\n","protected":false},"excerpt":{"rendered":"<p>Wenn Sie Interesse an unserem Angebot haben, bitten wir Sie um eine Nachricht per E-Mail oder einen Anruf. Ihre Anmeldung bleibt f\u00fcr Sie nat\u00fcrlich unverbindlich. In einem Beratungsgespr\u00e4ch mit uns und den zust\u00e4ndigen MusiklehrerInnen k\u00f6nne alle Fragen zum richtigen Instrument, den Unterrichtsterminen und den Kosten gekl\u00e4rt werden. In einem n\u00e4chsten Schritt k\u00fcmmern wir uns um &hellip; <\/p>\n<p class=\"link-more\"><a href=\"https:\/\/lobminger-musi.at\/index.php\/musikschule\/ablauf\/\" class=\"more-link\"><span class=\"screen-reader-text\">\u201eAblauf\u201c <\/span>weiterlesen<\/a><\/p>\n","protected":false},"author":1,"featured_media":0,"parent":49,"menu_order":0,"comment_status":"closed","ping_status":"closed","template":"","meta":{"ngg_post_thumbnail":0},"_links":{"self":[{"href":"https:\/\/lobminger-musi.at\/index.php\/wp-json\/wp\/v2\/pages\/248"}],"collection":[{"href":"https:\/\/lobminger-musi.at\/index.php\/wp-json\/wp\/v2\/pages"}],"about":[{"href":"https:\/\/lobminger-musi.at\/index.php\/wp-json\/wp\/v2\/types\/page"}],"author":[{"embeddable":true,"href":"https:\/\/lobminger-musi.at\/index.php\/wp-json\/wp\/v2\/users\/1"}],"replies":[{"embeddable":true,"href":"https:\/\/lobminger-musi.at\/index.php\/wp-json\/wp\/v2\/comments?post=248"}],"version-history":[{"count":1,"href":"https:\/\/lobminger-musi.at\/index.php\/wp-json\/wp\/v2\/pages\/248\/revisions"}],"predecessor-version":[{"id":249,"href":"https:\/\/lobminger-musi.at\/index.php\/wp-json\/wp\/v2\/pages\/248\/revisions\/249"}],"up":[{"embeddable":true,"href":"https:\/\/lobminger-musi.at\/index.php\/wp-json\/wp\/v2\/pages\/49"}],"wp:attachment":[{"href":"https:\/\/lobminger-musi.at\/index.php\/wp-json\/wp\/v2\/media?parent=248"}],"curies":[{"name":"wp","href":"https:\/\/api.w.org\/{rel}","templated":true}]}}