{"id":251,"date":"2017-04-24T20:16:23","date_gmt":"2017-04-24T20:16:23","guid":{"rendered":"http:\/\/lobminger-musi.at\/?page_id=251"},"modified":"2025-05-16T10:20:44","modified_gmt":"2025-05-16T10:20:44","slug":"so-koennen-sie-uns-erreichen","status":"publish","type":"page","link":"https:\/\/lobminger-musi.at\/index.php\/musikschule\/so-koennen-sie-uns-erreichen\/","title":{"rendered":"So k\u00f6nnen Sie uns erreichen"},"content":{"rendered":"<p align=\"justify\">Ansprechperson f\u00fcr Sie ist unsere Musikschulreferentin Angelika Frewein.<\/p>\n<p align=\"justify\">F\u00fcr ein erstes unverbindliches Gespr\u00e4ch bitten wir Sie um pers\u00f6nliche Kontaktaufnahme, einen Anruf oder ein E-Mail &#8211; am besten bis Mitte September. Alle weiteren Dinge k\u00f6nnen in einem pers\u00f6nlichen Gespr\u00e4ch gekl\u00e4rt werden. Mit dem Unterricht ist nat\u00fcrlich keine Verpflichtung verbunden, auch im Verein aktiv zu sein. Wobei wir uns dar\u00fcber freuen w\u00fcrden.<\/p>\n<p style=\"text-align: left;\" align=\"center\">Kontakt:<br \/>\nAngelika Frewein<br \/>\nTel.: 0664 \/ 88969313<br \/>\n<a class=\"def\" href=\"http:\/\/alt.lobminger-musi.at\/index.php?cmd=schule&amp;par=kontakt\" name=\"schule\">office (at) lobminger-musi.at<\/a><\/p>\n","protected":false},"excerpt":{"rendered":"<p>Ansprechperson f\u00fcr Sie ist unsere Musikschulreferentin Angelika Frewein. F\u00fcr ein erstes unverbindliches Gespr\u00e4ch bitten wir Sie um pers\u00f6nliche Kontaktaufnahme, einen Anruf oder ein E-Mail &#8211; am besten bis Mitte September. Alle weiteren Dinge k\u00f6nnen in einem pers\u00f6nlichen Gespr\u00e4ch gekl\u00e4rt werden. Mit dem Unterricht ist nat\u00fcrlich keine Verpflichtung verbunden, auch im Verein aktiv zu sein. Wobei &hellip; <\/p>\n<p class=\"link-more\"><a href=\"https:\/\/lobminger-musi.at\/index.php\/musikschule\/so-koennen-sie-uns-erreichen\/\" class=\"more-link\"><span class=\"screen-reader-text\">\u201eSo k\u00f6nnen Sie uns erreichen\u201c <\/span>weiterlesen<\/a><\/p>\n","protected":false},"author":1,"featured_media":0,"parent":49,"menu_order":0,"comment_status":"closed","ping_status":"closed","template":"","meta":{"ngg_post_thumbnail":0},"_links":{"self":[{"href":"https:\/\/lobminger-musi.at\/index.php\/wp-json\/wp\/v2\/pages\/251"}],"collection":[{"href":"https:\/\/lobminger-musi.at\/index.php\/wp-json\/wp\/v2\/pages"}],"about":[{"href":"https:\/\/lobminger-musi.at\/index.php\/wp-json\/wp\/v2\/types\/page"}],"author":[{"embeddable":true,"href":"https:\/\/lobminger-musi.at\/index.php\/wp-json\/wp\/v2\/users\/1"}],"replies":[{"embeddable":true,"href":"https:\/\/lobminger-musi.at\/index.php\/wp-json\/wp\/v2\/comments?post=251"}],"version-history":[{"count":5,"href":"https:\/\/lobminger-musi.at\/index.php\/wp-json\/wp\/v2\/pages\/251\/revisions"}],"predecessor-version":[{"id":796,"href":"https:\/\/lobminger-musi.at\/index.php\/wp-json\/wp\/v2\/pages\/251\/revisions\/796"}],"up":[{"embeddable":true,"href":"https:\/\/lobminger-musi.at\/index.php\/wp-json\/wp\/v2\/pages\/49"}],"wp:attachment":[{"href":"https:\/\/lobminger-musi.at\/index.php\/wp-json\/wp\/v2\/media?parent=251"}],"curies":[{"name":"wp","href":"https:\/\/api.w.org\/{rel}","templated":true}]}}