{"id":40,"date":"2017-04-20T19:44:15","date_gmt":"2017-04-20T19:44:15","guid":{"rendered":"http:\/\/lobminger-musi.at\/?page_id=40"},"modified":"2017-04-24T19:57:09","modified_gmt":"2017-04-24T19:57:09","slug":"chronik","status":"publish","type":"page","link":"https:\/\/lobminger-musi.at\/index.php\/verein\/chronik\/","title":{"rendered":"Chronik"},"content":{"rendered":"<p>Die &#8222;Lobminger Musi&#8220; wurde im Jahre 1932, also in einer Zeit, die alles eher als rosig war, in der Hinterlobming gegr\u00fcndet. Arbeitslosigkeit, finanzielle und materielle Not sowie politische Wirren standen Pate bei dieser Gr\u00fcndung, welche von <b>Willibald Hammer<\/b> als Gr\u00fcndungskapellmeister vorgenommen wurde. Zehn bis zw\u00f6lf Bauernburschen und Holzknechte aus der Lobming haben sich Herrn Hammer angeschlossen, und nachdem man unter schwersten Bedingungen Instrumente eingehandelt oder eingekauft hatte &#8211; meist waren es solche die bei anderen Kapellen abgesto\u00dfen wurden &#8211; begann das Musizieren. Der Anlass f\u00fcr die Gr\u00fcndung war der allj\u00e4hrliche Frohnleichnamsumzug, der immer recht feierlich und festlich begangen wurde. Am Rande sei noch bemerkt, dass Herr Hammer im Laintal bei Trofaiach seinen Wohnsitz hatte und somit jede Woche zweimal die Strecke Trofaiach &#8211; Hinterlobming &#8211; Trofaiach mit dem Rad zu den Proben fuhr, wof\u00fcr er aber keinen Groschen verlangte.<\/p>\n<p><img id=\"right\" class=\"content alignleft\" src=\"http:\/\/alt.lobminger-musi.at\/images\/chronik2.jpg\" alt=\"Lobminger Musi anno dazumal Konzert\" \/> Nach zwei Jahren, im Jahr 1934 wurde er schlie\u00dflich vom damaligen Kapellmeister von St. Stefan, Herrn <b>Jelanegg<\/b>, abgel\u00f6st. Herr Jelanegg verlangte allerdings pro Probe und Mann einen Schilling, das entsprach zwei Stundenl\u00f6hnen eines Holzknechtes. Dieser Kostenaufwand war letztendlich nicht mehr tragbar und nach vier Monaten stand die Kapelle ohne Kapellmeister da.<br \/>\nNun aber \u00fcbernahm <b>Dir. Adolf L\u00f6hnert<\/b> die Funktion des Kapellmeisters, und von diesem Zeitpunkt an war dieses Problem gel\u00f6st.<\/p>\n<p align=\"justify\">Der Ausbruch des Krieges unterbrach schlie\u00dflich die Aktivit\u00e4t der &#8222;Lobminger Musi&#8220; auf Jahre, da alle Musiker zum Milit\u00e4r einberufen wurden. Erst im Jahre 1946, als die Musiker wieder heimgekehrt waren, f\u00fcnf waren im Felde geblieben, begann der Wiederaufbau.<br \/>\nAufgestockt durch neue Jugend stand bald eine Kapelle von 14 Mann, die zu Ostern 1947 zum ersten Mal den Weckruf in der Lobming spielte. Auch bei diesem Neubeginn war die Instrumentenbeschaffung das gr\u00f6\u00dfte Problem &#8211; von der Bekleidung der Musiker ganz abgesehen.<\/p>\n<p align=\"justify\"><img id=\"left\" class=\"content alignleft\" src=\"http:\/\/alt.lobminger-musi.at\/images\/berger.jpg\" alt=\"Josef Berger\" \/> In dieser Zeit kam auch <b>Josef Berger<\/b>, ein junger, talentierter Musiker zu den Lobmingern. Er brachte frischen Wind in die Musik und \u00fcbernahm bereits 1950 die musikalische Leitung. In den folgenden Jahren wurde enorme Aufbauarbeit geleistet.<br \/>\nEin gut aufeinander abgestimmtes Team mit <b>Hans Eisen und Josef Berger<\/b> an der Spitze meisterte die anfallenden Aufgaben und setzte auch neue Ideen um. So wurden in dieser Zeit die ersten Heimatabende der Lobminger Musik aufgef\u00fchrt, die bald \u00fcber die Ortsgrenzen hinaus bekannt und beliebt wurden. Der urspr\u00fcngliche Auff\u00fchrungsort im Schulraum wurde aufgrund der gro\u00dfen Nachfrage bald zu klein, sodass die k\u00fcnftigen Heimatabende in der von den Musikern selbst mit viel Liebe und Flei\u00df errichteten &#8222;Waldb\u00fchne&#8220; aufgef\u00fchrt wurden. Der pl\u00f6tzliche Tod zweier Musiker und &#8222;Schauspieler&#8220; setzten dieser Erfolgsgeschichte ein unerwartetes Ende.<\/p>\n<p align=\"justify\">In diese \u00c4ra der Aufbauarbeit fiel auch die Einkleidung der Musik &#8211; so konnte man die &#8222;Lobminger Musi&#8220; erstmals im Jahre 1958 in der neuen, schmucken Tracht sehen. Wenige Jahre sp\u00e4ter, im Jahr 1962, erfolgte die Neuinstrumentierung der damals 16 &#8211; 20 Mann starken Kapelle. Die dabei entstandenen enormen Ausgaben konnten nur durch die Spendenfreudigkeit der Bev\u00f6lkerung und das Entgegenkommen von Baron Franz Mayr-Melnhof aufgebracht werden.<\/p>\n<p align=\"justify\"><img id=\"right\" class=\"content alignleft\" src=\"http:\/\/alt.lobminger-musi.at\/images\/chronik1.jpg\" alt=\"Lobminger Musi anno dazumal Marsch\" \/> Das Jahr 1966 war ein weiterer Meilenstein in der Vereinsgeschichte, denn die &#8222;Lobminger Musi&#8220; wurde ein angemeldeter Verein mit Statuten, Vereinsausschuss und Funktion\u00e4ren. Zum ersten Mal w\u00e4hlte man M\u00e4nner, die f\u00fcr das Vereinsgeschehen verantwortlich waren. Josef Berger wurde zum Kapellmeister, Hans Eisen zum Obmann und Franz Troger zum Kassier gew\u00e4hlt. So vergingen Tage, Monate und Jahre, und Sonnen- und Schattenseiten hielten sich im Laufe der Zeit in etwa die Waage. Bereits damals wurde von den Verantwortlichen gro\u00dfer Wert auf die musikalische Ausbildung der einheimischen Jugend gelegt und junge MusikerInnen wurden in erster Linie von Kapellmeister Berger selbst ausgebildet. Ein absoluter H\u00f6hepunkt f\u00fcr die Ortsmusik Lobming war die 11-t\u00e4gige Konzertreise 1988 nach Spanien. Die \u00fcberaus guten Erfolge bei den Darbietungen sowie die herzliche Aufnahme und Gastfreundschaft in den einzelnen St\u00e4dten werden jedem Musiker in unvergessener Erinnerung bleiben.<\/p>\n<p align=\"justify\"><img id=\"right\" class=\"content alignleft\" src=\"http:\/\/alt.lobminger-musi.at\/images\/ernst1.jpg\" alt=\"Ernst Troger\" \/> Zwei Jahre sp\u00e4ter, im Jahr 1990, legte Kapellmeister Josef Berger, der durch rund 40 Jahre das musikalische Geschick der Kapelle mit gro\u00dfem K\u00f6nnen und enormer Einsatzfreude leitete, sein Amt nieder. <b>Ernst Troger<\/b>, ein Sohn des Gr\u00fcndungsmitglieds und Kassiers Franz Torger, \u00fcbernahm 1990 als Kapellmeister die musikalischen Leitung der Kapelle. Sein musikalisches K\u00f6nnen und seine Ausbildung zum Orchesterleiter an der Musikhochschule in Graz brachten einen weiteren enormen musikalischen Aufschwung. So konnte bei einem Wertungsspiel im Jahr 1997 ein ausgezeichneter Erfolg in der Mittelstufe eingespielt werden, und bei den j\u00e4hrlichen &#8222;Fr\u00fchlingskonzerten&#8220; wurde das musikalische K\u00f6nnen einem breitem Publikum mit viel Erfolg pr\u00e4sentiert. Ein besonderer Schwerpunkt des neuen Kapellmeisters war die weitere Intensivierung der Jugendarbeit &#8211; mit der Unterst\u00fctzung der Gemeinde St. Stefan wurden ausgebildete Musiklehrer f\u00fcr die Ausbildung der Jugend engagiert. Dar\u00fcberhinaus war Ernst Troger aber auch im Blasmusikverband als Bezirksjugendreferent aktiv t\u00e4tig &#8211; schlie\u00dflich wurde er im Jahr 2000 zum Bezirksobmann des Steirischen Blasmusikverbandes gew\u00e4hlt.<\/p>\n<p align=\"justify\">Neben diesen musikalischen Erfolgen zeichnet die Ortsmusik Lobming aber vor allem das kameradschaftliche &#8222;Miteinander&#8220; aus. Im Mittelpunkt dieser steten Bem\u00fchungen stand ein Mann, dessen Name untrennbar mit dem Geschehen der Ortsmusik Lobming verbunden ist &#8211; <b>Hans Eisen<\/b>. Seit 1947 war Hans Eisen aktives Mitglied und \u00fcbte die Obmannt\u00e4tigkeit von der Vereinsgr\u00fcndung 1966 bis ins Jahr 1999 aus. Durch seinen unerm\u00fcdlichen Einsatz sowie durch seine handwerklichen und k\u00fcnstlerischen F\u00e4higkeiten, vor allem aber durch sein beispielhaftes kameradschaftliches Verhalten hat er die &#8222;Lobminger Musi&#8220; entscheidend gepr\u00e4gt. Bei s\u00e4mtlichen Veranstaltungen des Vereins, angefangen von den Heimatabenden bis zu den Fr\u00fchlingskonzerten waren bzw. sind seine Ideen stets erkennbar. Die Konzertreise nach Spanien, Vereinsausfl\u00fcge nach S\u00fcdtirol und in die Toscana, die Neueinkleidung der Musiker, die Neugestaltung des Musikerheimes und vieles vieles mehr waren nur durch seinen vehementen Einsatz realisierbar.<\/p>\n<p align=\"justify\">1999 wurde Hans Eisen als Obmann von <b>Heimo Gladik<\/b>, einem langj\u00e4hrigen aktiven Mitglied abgel\u00f6st, der in seiner ersten &#8222;Amtshandlung&#8220; den scheidenden Obmann zum &#8222;Ehrenobmann der Ortsmusik Lobming&#8220; ernannte.<br \/>\nHans Eisen blieb auch in der Funktion des Ehrenobmannes weiterhin aktiver Musiker, bis er schlie\u00dflich im Februar 2001 nach schwerer Krankheit f\u00fcr immer von uns gegangen ist.<\/p>\n<p align=\"justify\">Heimo Gladik f\u00fchrte den Verein bis in den Herst des Jahres 2008, als er aufgrund beruflicher und privater Umst\u00e4nde sich nicht mehr in der Lage sah, die n\u00f6tige Zeit f\u00fcr eine umfassende Vereinsarbeit aufzubringen. Bis zur n\u00e4chsten Generalversammlung und bis ein geeigneter Nachfolger gefunden werden konnte \u00fcbernahm der Kapellmeister Ernst Troger interimistisch in einer Doppelfunktion auch die Funktion des Obmannes. Schlie\u00dflich wurde im April 2009 <b>Ignaz Piechl<\/b> einstimmig zum neuen Obmann gew\u00e4hlt. Wieder sind es berufliche Umst\u00e4nde, welche Ignaz Piechl zwangen, seine T\u00e4tigkeit als Obmann nach nur etwas mehr als einem Jahr zu beenden. In einer au\u00dferordentlichen Generalversammlung im Oktober 2010 wurde <b>Margit Anderle<\/b> einstimmig zur neuen Obfrau gew\u00e4hlt, die dieses Amt bis zum heutigen Tag mit viel Engagement aus\u00fcbt.<\/p>\n<p align=\"justify\">\u00a0Im Jahr 2010 legte auch Ernst Troger nach vollen 21 Jahren als Kapellmeister sein Amt zur\u00fcck. Als Nachfolger wurde mit <b>Mario Krasser<\/b> wieder ein Kapellmeister aus den eigenen Reihen gew\u00e4hlt. Mario Krasser \u00fcbte diese Funktion bis 2014 aus. In seine Zeit als Kapellmeister fielen gro\u00dfe Erfolge bei Konzertwertungen. Beispielsweise erhielt die Lobminger Musi 2013 <a href=\"http:\/\/lobminger-musi.at\/index.php\/2013\/05\/26\/verleihung-des-steirischen-panthers-und-des-robert-stolz-preises\/\" rel=\"bookmark\"> die Preise \u201eSteirischer Panther\u201c und \u201eRobert Stolz Preis\u201c<\/a> verliehen. In diesen Jahren z\u00e4hlte die Lobminger Ortsmusik 43 aktive Musikerinnen und Musiker.<\/p>\n<p align=\"justify\">Im Herbst 2014 \u00fcbernahm <strong>Georg Piechl<\/strong> die Funktion des Kapellmeisters von Mario Krasser, der sich aus beruflichen Gr\u00fcnden wieder in die Reihe der MusikerInnen einreihte. Mit einer erfolgreichen Konzertwertung machte er gleich zu Beginn seiner neuen Funktion von sich reden.<\/p>\n<p align=\"justify\">Fortsetzung folgt&#8230;.<\/p>\n","protected":false},"excerpt":{"rendered":"<p>Die &#8222;Lobminger Musi&#8220; wurde im Jahre 1932, also in einer Zeit, die alles eher als rosig war, in der Hinterlobming gegr\u00fcndet. Arbeitslosigkeit, finanzielle und materielle Not sowie politische Wirren standen Pate bei dieser Gr\u00fcndung, welche von Willibald Hammer als Gr\u00fcndungskapellmeister vorgenommen wurde. Zehn bis zw\u00f6lf Bauernburschen und Holzknechte aus der Lobming haben sich Herrn Hammer &hellip; <\/p>\n<p class=\"link-more\"><a href=\"https:\/\/lobminger-musi.at\/index.php\/verein\/chronik\/\" class=\"more-link\"><span class=\"screen-reader-text\">\u201eChronik\u201c <\/span>weiterlesen<\/a><\/p>\n","protected":false},"author":1,"featured_media":0,"parent":47,"menu_order":0,"comment_status":"closed","ping_status":"closed","template":"","meta":{"ngg_post_thumbnail":0},"_links":{"self":[{"href":"https:\/\/lobminger-musi.at\/index.php\/wp-json\/wp\/v2\/pages\/40"}],"collection":[{"href":"https:\/\/lobminger-musi.at\/index.php\/wp-json\/wp\/v2\/pages"}],"about":[{"href":"https:\/\/lobminger-musi.at\/index.php\/wp-json\/wp\/v2\/types\/page"}],"author":[{"embeddable":true,"href":"https:\/\/lobminger-musi.at\/index.php\/wp-json\/wp\/v2\/users\/1"}],"replies":[{"embeddable":true,"href":"https:\/\/lobminger-musi.at\/index.php\/wp-json\/wp\/v2\/comments?post=40"}],"version-history":[{"count":6,"href":"https:\/\/lobminger-musi.at\/index.php\/wp-json\/wp\/v2\/pages\/40\/revisions"}],"predecessor-version":[{"id":233,"href":"https:\/\/lobminger-musi.at\/index.php\/wp-json\/wp\/v2\/pages\/40\/revisions\/233"}],"up":[{"embeddable":true,"href":"https:\/\/lobminger-musi.at\/index.php\/wp-json\/wp\/v2\/pages\/47"}],"wp:attachment":[{"href":"https:\/\/lobminger-musi.at\/index.php\/wp-json\/wp\/v2\/media?parent=40"}],"curies":[{"name":"wp","href":"https:\/\/api.w.org\/{rel}","templated":true}]}}