{"id":49,"date":"2017-04-20T19:56:43","date_gmt":"2017-04-20T19:56:43","guid":{"rendered":"http:\/\/lobminger-musi.at\/?page_id=49"},"modified":"2025-05-16T10:16:28","modified_gmt":"2025-05-16T10:16:28","slug":"musikschule","status":"publish","type":"page","link":"https:\/\/lobminger-musi.at\/index.php\/musikschule\/","title":{"rendered":""},"content":{"rendered":"<p align=\"justify\"><img loading=\"lazy\" class=\"alignnone wp-image-241 size-large\" src=\"http:\/\/lobminger-musi.at\/wp-content\/uploads\/2017\/04\/MusiSchule_Logo-1024x293.png\" alt=\"\" width=\"525\" height=\"150\" srcset=\"https:\/\/lobminger-musi.at\/wp-content\/uploads\/2017\/04\/MusiSchule_Logo-1024x293.png 1024w, https:\/\/lobminger-musi.at\/wp-content\/uploads\/2017\/04\/MusiSchule_Logo-300x86.png 300w, https:\/\/lobminger-musi.at\/wp-content\/uploads\/2017\/04\/MusiSchule_Logo-768x220.png 768w, https:\/\/lobminger-musi.at\/wp-content\/uploads\/2017\/04\/MusiSchule_Logo.png 1327w\" sizes=\"(max-width: 525px) 100vw, 525px\" \/><\/p>\n<p align=\"justify\"><span style=\"color: #ff6600;\"><em>Du magst Musik und m\u00f6chtest ein Instrument lernen? <\/em><\/span><br \/>\n<em>&nbsp;<\/em><\/p>\n<p align=\"justify\"><span style=\"color: #800080;\"><em>Du m\u00f6chtest einfach einmal schnuppern, ob Dir das Musizieren Freude bereitet? <\/em><\/span><br \/>\n<em>&nbsp;<\/em><\/p>\n<p align=\"justify\"><span style=\"color: #99cc00;\"><em>Du spielst gerne ein Instrument und m\u00f6chtest ein neues erlernen? <\/em><\/span><br \/>\n<em>&nbsp;<\/em><\/p>\n<p align=\"justify\"><span style=\"color: #3366ff;\"><em>Sie wollten immer schon ein Instrument erlernen, hatten als Kind aber keine Gelegenheit dazu?<\/em> <\/span><\/p>\n<p align=\"justify\">Trifft nur eine dieser Fragen auf Sie oder Ihr Kind zu, dann sind Sie bei uns an der richtigen Adresse. Wir, die Verantwortlichen der Musikschule der Lobminger Ortsmusik &#8211; der Lobminger Musi Schule -, unterst\u00fctzen Sie gerne.<\/p>\n<p align=\"justify\">Die Lobminger Ortsmusik nimmt ihren kulturellen Auftrag in St. Stefan sehr ernst &#8211; seit nunmehr 90 Jahren. Zu unseren wesentlichen Aufgaben z\u00e4hlt auch die musikalische Ausbildung von JungmusikerInnen und Erwachsenen. Damit steht der Bev\u00f6lkerung von St. Stefan neben der Musikschule des MV St. Stefan &#8211; Kaisersberg eine zweite private Musikschule zur Verf\u00fcgung. Die Lobminger Musi Schule wird von einem Team von professionellen MusiklehrerInnen unterst\u00fctzt.<\/p>\n<p>Wir lieben die Musik und wollen unsere Freude am Musizieren weitertragen.<\/p>\n<p align=\"center\">Herzlichst, Ihre Lobminger Musi<\/p>\n","protected":false},"excerpt":{"rendered":"<p>Du magst Musik und m\u00f6chtest ein Instrument lernen? &nbsp; Du m\u00f6chtest einfach einmal schnuppern, ob Dir das Musizieren Freude bereitet? &nbsp; Du spielst gerne ein Instrument und m\u00f6chtest ein neues erlernen? &nbsp; Sie wollten immer schon ein Instrument erlernen, hatten als Kind aber keine Gelegenheit dazu? Trifft nur eine dieser Fragen auf Sie oder Ihr &hellip; <\/p>\n<p class=\"link-more\"><a href=\"https:\/\/lobminger-musi.at\/index.php\/musikschule\/\" class=\"more-link\"><span class=\"screen-reader-text\">\u201e\u201c <\/span>weiterlesen<\/a><\/p>\n","protected":false},"author":1,"featured_media":0,"parent":0,"menu_order":0,"comment_status":"closed","ping_status":"closed","template":"","meta":{"ngg_post_thumbnail":0},"_links":{"self":[{"href":"https:\/\/lobminger-musi.at\/index.php\/wp-json\/wp\/v2\/pages\/49"}],"collection":[{"href":"https:\/\/lobminger-musi.at\/index.php\/wp-json\/wp\/v2\/pages"}],"about":[{"href":"https:\/\/lobminger-musi.at\/index.php\/wp-json\/wp\/v2\/types\/page"}],"author":[{"embeddable":true,"href":"https:\/\/lobminger-musi.at\/index.php\/wp-json\/wp\/v2\/users\/1"}],"replies":[{"embeddable":true,"href":"https:\/\/lobminger-musi.at\/index.php\/wp-json\/wp\/v2\/comments?post=49"}],"version-history":[{"count":5,"href":"https:\/\/lobminger-musi.at\/index.php\/wp-json\/wp\/v2\/pages\/49\/revisions"}],"predecessor-version":[{"id":792,"href":"https:\/\/lobminger-musi.at\/index.php\/wp-json\/wp\/v2\/pages\/49\/revisions\/792"}],"wp:attachment":[{"href":"https:\/\/lobminger-musi.at\/index.php\/wp-json\/wp\/v2\/media?parent=49"}],"curies":[{"name":"wp","href":"https:\/\/api.w.org\/{rel}","templated":true}]}}