{"id":560,"date":"2017-10-04T19:41:39","date_gmt":"2017-10-04T19:41:39","guid":{"rendered":"http:\/\/lobminger-musi.at\/?page_id=560"},"modified":"2017-10-04T20:23:35","modified_gmt":"2017-10-04T20:23:35","slug":"kinder-musizieren","status":"publish","type":"page","link":"https:\/\/lobminger-musi.at\/index.php\/musikschule\/angebot\/kinder-musizieren\/","title":{"rendered":"Kinder musizieren"},"content":{"rendered":"<p>Das Vest\u00e4ndnis der Lobminger Musi Schule geht \u00fcber den typischen Anspruch einer von einem Musikverein betriebenen Musikschule hinaus. \u201eDie Kinder sollen durch das Musizieren Freude und Gemeinschaft erleben.\u201c, so die Worte der Leiterin der Lobminger Musi Schule Ilse Schober. Dabei kommt es nicht darauf an, ob sie auch selbst im regelm\u00e4\u00dfigen Musikunterricht ein Instrument erlernen. \u201eAlle Kinder d\u00fcrfen an Aktivit\u00e4ten der Lobminger Musi Schule teilnehmen, wobei die Wahlm\u00f6glichkeiten f\u00fcr aktive Musiksch\u00fclerinnen und Sch\u00fcler nat\u00fcrlich gr\u00f6\u00dfer ist.\u201c, f\u00fchrt Ilse weiter aus. In regelm\u00e4\u00dfigen Abst\u00e4nden treffen sich interessierte Kinder, um mit einfachen Instrumenten und Gesang unter Anleitung engagierter Mitglieder der Lobminger Ortsmusik zu musizieren. Diese kleinen musikalischen Projekte f\u00fchren zum Beispiel zur Gestaltung eines Gottesdienstes oder anderen Auftritten. F\u00fcr aktive Musiksch\u00fclerinnen und Musiksch\u00fcler der Lobminger Musi Schule gibt es eine Jugendband, in der das Musizieren im Orchester als wichtige musikalische Ausbildung erlernt wird. Auftritte bei Feiern der Gemeinde, etwa zu Weihnachten oder zur Muttertagsfeier, sowie bei Konzerten der Lobminger Ortsmusik sind das musikalische Ziel dieser Jugendband. Die fortgeschrittenen Sch\u00fclerinnen und Sch\u00fcler d\u00fcrfen auch bei Proben der Lobminger Ortsmusik mitwirken. Musiksch\u00fclern bereiten diese gemeinsamen Proben meist eine gro\u00dfe Freude, weil das Musizieren in Gemeinschaft herausfordernd aber gleichzeitig erf\u00fcllend ist. \u201eIch freue mich \u00fcber jedes Kind und jeden Erwachsenen, der den Weg zu uns findet\u201c, meint Ilse abschlie\u00dfend und \u00f6ffnet allen St.Stefanerinnen und St.Stefanern, egal ob klein oder gro\u00df, die T\u00fcr f\u00fcr eine Teilnahme an den Aktivit\u00e4ten der Lobminger Musi Schule.<\/p>\n<p><img loading=\"lazy\" class=\"alignnone wp-image-556 size-large\" src=\"http:\/\/lobminger-musi.at\/wp-content\/uploads\/2017\/09\/IMG-20170923-WA0003-1024x768.jpg\" alt=\"\" width=\"525\" height=\"394\" srcset=\"https:\/\/lobminger-musi.at\/wp-content\/uploads\/2017\/09\/IMG-20170923-WA0003-1024x768.jpg 1024w, https:\/\/lobminger-musi.at\/wp-content\/uploads\/2017\/09\/IMG-20170923-WA0003-300x225.jpg 300w, https:\/\/lobminger-musi.at\/wp-content\/uploads\/2017\/09\/IMG-20170923-WA0003-768x576.jpg 768w, https:\/\/lobminger-musi.at\/wp-content\/uploads\/2017\/09\/IMG-20170923-WA0003.jpg 1600w\" sizes=\"(max-width: 525px) 100vw, 525px\" \/><\/p>\n","protected":false},"excerpt":{"rendered":"<p>Das Vest\u00e4ndnis der Lobminger Musi Schule geht \u00fcber den typischen Anspruch einer von einem Musikverein betriebenen Musikschule hinaus. \u201eDie Kinder sollen durch das Musizieren Freude und Gemeinschaft erleben.\u201c, so die Worte der Leiterin der Lobminger Musi Schule Ilse Schober. Dabei kommt es nicht darauf an, ob sie auch selbst im regelm\u00e4\u00dfigen Musikunterricht ein Instrument erlernen. &hellip; <\/p>\n<p class=\"link-more\"><a href=\"https:\/\/lobminger-musi.at\/index.php\/musikschule\/angebot\/kinder-musizieren\/\" class=\"more-link\"><span class=\"screen-reader-text\">\u201eKinder musizieren\u201c <\/span>weiterlesen<\/a><\/p>\n","protected":false},"author":1,"featured_media":0,"parent":243,"menu_order":0,"comment_status":"closed","ping_status":"closed","template":"","meta":{"ngg_post_thumbnail":0},"_links":{"self":[{"href":"https:\/\/lobminger-musi.at\/index.php\/wp-json\/wp\/v2\/pages\/560"}],"collection":[{"href":"https:\/\/lobminger-musi.at\/index.php\/wp-json\/wp\/v2\/pages"}],"about":[{"href":"https:\/\/lobminger-musi.at\/index.php\/wp-json\/wp\/v2\/types\/page"}],"author":[{"embeddable":true,"href":"https:\/\/lobminger-musi.at\/index.php\/wp-json\/wp\/v2\/users\/1"}],"replies":[{"embeddable":true,"href":"https:\/\/lobminger-musi.at\/index.php\/wp-json\/wp\/v2\/comments?post=560"}],"version-history":[{"count":3,"href":"https:\/\/lobminger-musi.at\/index.php\/wp-json\/wp\/v2\/pages\/560\/revisions"}],"predecessor-version":[{"id":564,"href":"https:\/\/lobminger-musi.at\/index.php\/wp-json\/wp\/v2\/pages\/560\/revisions\/564"}],"up":[{"embeddable":true,"href":"https:\/\/lobminger-musi.at\/index.php\/wp-json\/wp\/v2\/pages\/243"}],"wp:attachment":[{"href":"https:\/\/lobminger-musi.at\/index.php\/wp-json\/wp\/v2\/media?parent=560"}],"curies":[{"name":"wp","href":"https:\/\/api.w.org\/{rel}","templated":true}]}}